{"id":1426,"date":"2015-06-26T00:18:25","date_gmt":"2015-06-26T00:18:25","guid":{"rendered":"http:\/\/www.prcrentacar.com\/?page_id=1426"},"modified":"2024-11-06T23:20:40","modified_gmt":"2024-11-06T23:20:40","slug":"inicio","status":"publish","type":"page","link":"https:\/\/panamericanrentacar.com.co\/en\/","title":{"rendered":"HOME"},"content":{"rendered":"<div id=\"dslc-theme-content\"><div id=\"dslc-theme-content-inner\">\n\t\t<!-- MasterSlider -->\n\t\t<div id=\"P_MS5f232630736dd\" class=\"master-slider-parent ms-parent-id-1\" style=\"max-width:2000px;\"  >\n\t\t\t\t\n\t\t\t\n\t\t\t<!-- MasterSlider Main -->\n\t\t\t<div id=\"MS5f232630736dd\" class=\"master-slider ms-skin-default\" >\n\t\t\t\t \t\t\t\t \n\t\t\t\t<div  class=\"ms-slide\" data-delay=\"5\" data-fill-mode=\"fill\"  >\n\t\t\t\t\t<img decoding=\"async\" src=\"https:\/\/panamericanrentacar.com.co\/wp-content\/plugins\/masterslider\/public\/assets\/css\/blank.gif\" alt=\"\" title=\"\" data-src=\"https:\/\/panamericanrentacar.com.co\/wp-content\/uploads\/2018\/06\/PortadaSlide.png\" \/>\n\n\t\t\t\t\t<a  class=\"ms-layer\" href=\"https:\/\/panamericanrentacar.com.co\/contacto\/\" target=\"_blank\"   >\n\t<img decoding=\"async\" src=\"https:\/\/panamericanrentacar.com.co\/wp-content\/plugins\/masterslider\/public\/assets\/css\/blank.gif\" data-src=\"https:\/\/panamericanrentacar.com.co\/wp-content\/uploads\/2018\/06\/BOTON-1.png\" alt=\"\" style=\"\" data-effect=\"t(true,n,n,500,n,n,n,n,n,n,n,n,n,n,n)\"  data-delay=\"1600\" data-ease=\"easeOutQuint\"       data-type=\"image\"  data-offset-x=\"142\" data-offset-y=\"547\" data-origin=\"tl\" \/>\n<\/a>\n\n\t\t\t\t\t<img decoding=\"async\"  class=\"ms-layer\" src=\"https:\/\/panamericanrentacar.com.co\/wp-content\/plugins\/masterslider\/public\/assets\/css\/blank.gif\" data-src=\"https:\/\/panamericanrentacar.com.co\/wp-content\/uploads\/2018\/06\/2017-Chevrolet-Traverse.png\" alt=\"\" style=\"width:500px;height:380px;\" data-effect=\"t(true,150,n,n,n,n,n,n,n,n,n,n,n,n,n)\" data-duration=\"1900\" data-delay=\"600\" data-ease=\"easeOutSine\"        data-type=\"image\"         data-offset-x=\"-44\" data-offset-y=\"200\" data-origin=\"mc\" \/>\n\n\t\t\t\t\t<img decoding=\"async\"  class=\"ms-layer\" src=\"https:\/\/panamericanrentacar.com.co\/wp-content\/plugins\/masterslider\/public\/assets\/css\/blank.gif\" data-src=\"https:\/\/panamericanrentacar.com.co\/wp-content\/uploads\/2018\/06\/LogoBlancoPRC.png\" alt=\"\" style=\"\" data-effect=\"t(true,-150,n,n,n,n,n,n,n,n,n,n,n,n,n)\" data-duration=\"1475\" data-delay=\"200\" data-ease=\"easeOutQuint\"        data-type=\"image\"         data-offset-x=\"423\" data-offset-y=\"65\" data-origin=\"tl\" \/>\n\n\n\t\t\t\t<\/div>\n\t\t\t\t<div  class=\"ms-slide\" data-delay=\"5.5\" data-fill-mode=\"fill\"  >\n\t\t\t\t\t<img decoding=\"async\" src=\"https:\/\/panamericanrentacar.com.co\/wp-content\/plugins\/masterslider\/public\/assets\/css\/blank.gif\" alt=\"\" title=\"\" data-src=\"https:\/\/panamericanrentacar.com.co\/wp-content\/uploads\/2016\/02\/panamerican-rentacar-alquiler-de-vehiculos-y-camionetas-4x4-en-bogota-bg-sli1.png\" \/>\n\n\t\t\t\t\t<img decoding=\"async\"  class=\"ms-layer\" src=\"https:\/\/panamericanrentacar.com.co\/wp-content\/plugins\/masterslider\/public\/assets\/css\/blank.gif\" data-src=\"https:\/\/panamericanrentacar.com.co\/wp-content\/uploads\/2018\/06\/LogoBlancoPRC.png\" alt=\"\" style=\"\" data-effect=\"t(true,-150,n,n,n,n,n,n,n,n,n,n,n,n,n)\" data-duration=\"725\" data-delay=\"212\" data-ease=\"easeOutQuint\"        data-type=\"image\"         data-offset-x=\"372\" data-offset-y=\"56\" data-origin=\"tl\" \/>\n\n\t\t\t\t\t<a  class=\"ms-layer\" href=\"https:\/\/panamericanrentacar.com.co\/convenios-alquiler-de-carros-para-empresas\/\" target=\"_blank\"   >\n\t<img decoding=\"async\" src=\"https:\/\/panamericanrentacar.com.co\/wp-content\/plugins\/masterslider\/public\/assets\/css\/blank.gif\" data-src=\"https:\/\/panamericanrentacar.com.co\/wp-content\/uploads\/2018\/06\/BOTON-1.png\" alt=\"\" style=\"\" data-effect=\"t(true,n,n,500,n,n,n,n,n,n,n,n,n,n,n)\" data-duration=\"962\" data-delay=\"1287\" data-ease=\"easeOutQuint\"       data-type=\"image\"  data-offset-x=\"130\" data-offset-y=\"554\" data-origin=\"tl\" \/>\n<\/a>\n\n\t\t\t\t\t<img decoding=\"async\"  class=\"ms-layer\" src=\"https:\/\/panamericanrentacar.com.co\/wp-content\/plugins\/masterslider\/public\/assets\/css\/blank.gif\" data-src=\"https:\/\/panamericanrentacar.com.co\/wp-content\/uploads\/2016\/02\/panamerican-rentacar-alquiler-de-vehiculos-y-camionetas-4x4-en-bogota-carro-sli1.png\" alt=\"\" style=\"\" data-effect=\"t(true,150,n,n,n,n,n,n,n,n,n,n,n,n,n)\" data-duration=\"950\" data-delay=\"600\" data-ease=\"easeOutQuint\"        data-type=\"image\"         data-offset-x=\"386\" data-offset-y=\"247\" data-origin=\"tl\" \/>\n\n\t\t\t\t\t<img decoding=\"async\"  class=\"ms-layer\" src=\"https:\/\/panamericanrentacar.com.co\/wp-content\/plugins\/masterslider\/public\/assets\/css\/blank.gif\" data-src=\"https:\/\/panamericanrentacar.com.co\/wp-content\/uploads\/2018\/06\/convenios2.png\" alt=\"\" style=\"\" data-effect=\"t(true,150,n,n,n,n,n,n,n,n,n,n,n,n,n)\"  data-delay=\"600\" data-ease=\"easeOutQuint\"        data-type=\"image\"         data-offset-x=\"192\" data-offset-y=\"-33\" data-origin=\"mc\" \/>\n\n\n\t\t\t\t<\/div>\n\n\t\t\t<\/div>\n\t\t\t<!-- END MasterSlider Main -->\n\n\t\t\t \n\t\t<\/div>\n\t\t<!-- END MasterSlider --> \n\t\t\n\t\t<script>\n\t\t(function ( $ ) {\n\t\t\t\"use strict\";\n\n\t\t\t$(function () {\n\t\t\t\tvar masterslider_36dd = new MasterSlider();\n\n\t\t\t\t\/\/ slider controls\n\t\t\t\tmasterslider_36dd.control('arrows'     ,{ autohide:true, overVideo:true  });                    \n\t\t\t\t\/\/ slider setup\n\t\t\t\tmasterslider_36dd.setup(\"MS5f232630736dd\", {\n\t\t\t\t\t\twidth           : 2000,\n\t\t\t\t\t\theight          : 700,\n\t\t\t\t\t\tspace           : 0,\n\t\t\t\t\t\tstart           : 1,\n\t\t\t\t\t\tgrabCursor      : true,\n\t\t\t\t\t\tswipe           : true,\n\t\t\t\t\t\tmouse           : true,\n\t\t\t\t\t\tkeyboard        : false,\n\t\t\t\t\t\tlayout          : \"boxed\", \n\t\t\t\t\t\twheel           : false,\n\t\t\t\t\t\tautoplay        : true,\n\t\t\t\t\t\tinstantStartLayers:false,\n\t\t\t\t\t\tloop            : true,\n\t\t\t\t\t\tshuffle         : false,\n\t\t\t\t\t\tpreload         : 0,\n\t\t\t\t\t\theightLimit     : true,\n\t\t\t\t\t\tautoHeight      : false,\n\t\t\t\t\t\tsmoothHeight    : true,\n\t\t\t\t\t\tendPause        : false,\n\t\t\t\t\t\toverPause       : true,\n\t\t\t\t\t\tfillMode        : \"fill\", \n\t\t\t\t\t\tcenterControls  : true,\n\t\t\t\t\t\tlayersMode      : \"center\", \n\t\t\t\t\t\thideLayers      : false, \n\t\t\t\t\t\tfullscreenMargin: 0,\n\t\t\t\t\t\tspeed           : 20, \n\t\t\t\t\t\tdir             : \"h\", \n\t\t\t\t\t\tview            : \"fade\"\n\t\t\t\t});\n\t\t\t\t\n\n\t\t\t\t\n\t\t\t\t$(\"head\").append( \"<link rel='stylesheet' id='ms-fonts'  href='\/\/fonts.googleapis.com\/css?family=Open+Sans:600' type='text\/css' media='all' \/>\" );\n\n\t\t\t\twindow.masterslider_instances = window.masterslider_instances || [];\n\t\t\t\twindow.masterslider_instances.push( masterslider_36dd );\n\t\t\t });\n\t\t\t\n\t\t})(jQuery);\n\t\t<\/script> \n\t\t\n\n<\/div><\/div>","protected":false},"excerpt":{"rendered":"","protected":false},"author":1,"featured_media":1955,"parent":0,"menu_order":0,"comment_status":"closed","ping_status":"closed","template":"","meta":{"slim_seo":{"title":"Alquila Carros en Bogot\u00e1 con Panamerican Rentacar","description":"Alquiler de carros en Bogot\u00e1 con Panamerican Rentacar: precios justos, amplia selecci\u00f3n y atenci\u00f3n de primera. \u00a1Reserva ya!","canonical":"https:\/\/panamericanrentacar.com.co"},"footnotes":""},"class_list":["post-1426","page","type-page","status-publish","has-post-thumbnail","hentry"],"translation":{"provider":"WPGlobus","version":"3.0.2","language":"en","enabled_languages":["es","en"],"languages":{"es":{"title":true,"content":true,"excerpt":false},"en":{"title":true,"content":false,"excerpt":false}}},"_links":{"self":[{"href":"https:\/\/panamericanrentacar.com.co\/en\/wp-json\/wp\/v2\/pages\/1426","targetHints":{"allow":["GET"]}}],"collection":[{"href":"https:\/\/panamericanrentacar.com.co\/en\/wp-json\/wp\/v2\/pages"}],"about":[{"href":"https:\/\/panamericanrentacar.com.co\/en\/wp-json\/wp\/v2\/types\/page"}],"author":[{"embeddable":true,"href":"https:\/\/panamericanrentacar.com.co\/en\/wp-json\/wp\/v2\/users\/1"}],"replies":[{"embeddable":true,"href":"https:\/\/panamericanrentacar.com.co\/en\/wp-json\/wp\/v2\/comments?post=1426"}],"version-history":[{"count":4,"href":"https:\/\/panamericanrentacar.com.co\/en\/wp-json\/wp\/v2\/pages\/1426\/revisions"}],"predecessor-version":[{"id":11117,"href":"https:\/\/panamericanrentacar.com.co\/en\/wp-json\/wp\/v2\/pages\/1426\/revisions\/11117"}],"wp:featuredmedia":[{"embeddable":true,"href":"https:\/\/panamericanrentacar.com.co\/en\/wp-json\/wp\/v2\/media\/1955"}],"wp:attachment":[{"href":"https:\/\/panamericanrentacar.com.co\/en\/wp-json\/wp\/v2\/media?parent=1426"}],"curies":[{"name":"wp","href":"https:\/\/api.w.org\/{rel}","templated":true}]}}