{"id":1569,"date":"2015-07-07T19:12:10","date_gmt":"2015-07-07T19:12:10","guid":{"rendered":"http:\/\/www.prcrentacar.com\/?page_id=1569"},"modified":"2024-11-07T00:21:51","modified_gmt":"2024-11-07T00:21:51","slug":"contacto","status":"publish","type":"page","link":"https:\/\/panamericanrentacar.com.co\/en\/contacto\/","title":{"rendered":"CONTACT"},"content":{"rendered":"<div id=\"dslc-theme-content\"><div id=\"dslc-theme-content-inner\"><\/div><\/div>","protected":false},"excerpt":{"rendered":"","protected":false},"author":1,"featured_media":0,"parent":0,"menu_order":0,"comment_status":"closed","ping_status":"closed","template":"","meta":{"slim_seo":{"title":"Contacto | Alquiler de Autos en Bogot\u00e1 | Panamerican Rentacar","description":"Cont\u00e1ctanos para consultas, reservas y m\u00e1s. \u00a1Estamos para ayudarte!"},"footnotes":""},"class_list":["post-1569","page","type-page","status-publish","hentry"],"translation":{"provider":"WPGlobus","version":"3.0.2","language":"en","enabled_languages":["es","en"],"languages":{"es":{"title":true,"content":false,"excerpt":false},"en":{"title":true,"content":false,"excerpt":false}}},"_links":{"self":[{"href":"https:\/\/panamericanrentacar.com.co\/en\/wp-json\/wp\/v2\/pages\/1569","targetHints":{"allow":["GET"]}}],"collection":[{"href":"https:\/\/panamericanrentacar.com.co\/en\/wp-json\/wp\/v2\/pages"}],"about":[{"href":"https:\/\/panamericanrentacar.com.co\/en\/wp-json\/wp\/v2\/types\/page"}],"author":[{"embeddable":true,"href":"https:\/\/panamericanrentacar.com.co\/en\/wp-json\/wp\/v2\/users\/1"}],"replies":[{"embeddable":true,"href":"https:\/\/panamericanrentacar.com.co\/en\/wp-json\/wp\/v2\/comments?post=1569"}],"version-history":[{"count":3,"href":"https:\/\/panamericanrentacar.com.co\/en\/wp-json\/wp\/v2\/pages\/1569\/revisions"}],"predecessor-version":[{"id":2206,"href":"https:\/\/panamericanrentacar.com.co\/en\/wp-json\/wp\/v2\/pages\/1569\/revisions\/2206"}],"wp:attachment":[{"href":"https:\/\/panamericanrentacar.com.co\/en\/wp-json\/wp\/v2\/media?parent=1569"}],"curies":[{"name":"wp","href":"https:\/\/api.w.org\/{rel}","templated":true}]}}