{"id":1847,"date":"2016-08-26T16:23:58","date_gmt":"2016-08-26T16:23:58","guid":{"rendered":"https:\/\/panamericanrentacar.com.co\/politica-de-cookies\/"},"modified":"2024-11-13T21:20:38","modified_gmt":"2024-11-13T21:20:38","slug":"politica-de-cookies","status":"publish","type":"page","link":"https:\/\/panamericanrentacar.com.co\/en\/politica-de-cookies\/","title":{"rendered":"Pol\u00edtica de cookies"},"content":{"rendered":"<div id=\"dslc-theme-content\"><div id=\"dslc-theme-content-inner\"><p>Debes escribir el texto indicando tu pol\u00c3\u00adtica de cookies, con las cookies que usas en tu blog. &lt;br\/ &gt; Documentacion: <a href=\"http:\/\/www.agpd.es\/portalwebAGPD\/canaldocumentacion\/publicaciones\/common\/Guias\/Guia_Cookies.pdf\">http:\/\/www.agpd.es\/portalwebAGPD\/canaldocumentacion\/publicaciones\/common\/Guias\/Guia_Cookies.pdf<\/a><\/p>\n<\/div><\/div>","protected":false},"excerpt":{"rendered":"<p>Debes escribir el texto indicando tu pol\u00c3\u00adtica de cookies, con las cookies que usas en tu blog. &lt;br\/ &gt; Documentacion: http:\/\/www.agpd.es\/portalwebAGPD\/canaldocumentacion\/publicaciones\/common\/Guias\/Guia_Cookies.pdf<\/p>\n","protected":false},"author":1,"featured_media":0,"parent":0,"menu_order":0,"comment_status":"closed","ping_status":"closed","template":"","meta":{"slim_seo":{"title":"Pol\u00edtica de Cookies | Panamerican Rentacar","description":"Conoce nuestra pol\u00edtica de cookies en Panamerican Rentacar. Transparencia en el uso de cookies para mejorar tu experiencia. Inf\u00f3rmate aqu\u00ed"},"footnotes":""},"class_list":["post-1847","page","type-page","status-publish","hentry"],"translation":{"provider":"WPGlobus","version":"3.0.2","language":"en","enabled_languages":["es","en"],"languages":{"es":{"title":true,"content":true,"excerpt":false},"en":{"title":false,"content":false,"excerpt":false}}},"_links":{"self":[{"href":"https:\/\/panamericanrentacar.com.co\/en\/wp-json\/wp\/v2\/pages\/1847","targetHints":{"allow":["GET"]}}],"collection":[{"href":"https:\/\/panamericanrentacar.com.co\/en\/wp-json\/wp\/v2\/pages"}],"about":[{"href":"https:\/\/panamericanrentacar.com.co\/en\/wp-json\/wp\/v2\/types\/page"}],"author":[{"embeddable":true,"href":"https:\/\/panamericanrentacar.com.co\/en\/wp-json\/wp\/v2\/users\/1"}],"replies":[{"embeddable":true,"href":"https:\/\/panamericanrentacar.com.co\/en\/wp-json\/wp\/v2\/comments?post=1847"}],"version-history":[{"count":2,"href":"https:\/\/panamericanrentacar.com.co\/en\/wp-json\/wp\/v2\/pages\/1847\/revisions"}],"predecessor-version":[{"id":11098,"href":"https:\/\/panamericanrentacar.com.co\/en\/wp-json\/wp\/v2\/pages\/1847\/revisions\/11098"}],"wp:attachment":[{"href":"https:\/\/panamericanrentacar.com.co\/en\/wp-json\/wp\/v2\/media?parent=1847"}],"curies":[{"name":"wp","href":"https:\/\/api.w.org\/{rel}","templated":true}]}}